


{"id":45,"date":"2023-10-17T12:29:50","date_gmt":"2023-10-17T10:29:50","guid":{"rendered":"https:\/\/minor-labora.de\/?page_id=45"},"modified":"2025-12-22T18:06:23","modified_gmt":"2025-12-22T17:06:23","slug":"impressum","status":"publish","type":"page","link":"https:\/\/minor-labora.de\/es\/impressum\/","title":{"rendered":"descargo"},"content":{"rendered":"<div class=\"wpb-content-wrapper\"><div class=\"vc-row-container container\"><div class=\"vc_row wpb_row vc_row-fluid\"><div class=\"wpb_column vc_column_container vc_col-sm-12\"><div class=\"vc_column-inner\"><div class=\"wpb_wrapper\">\n\t<div class=\"wpb_text_column wpb_content_element\" >\n\t\t<div class=\"wpb_wrapper\">\n\t\t\t<p>Minor \u2013 Labora gemeinn\u00fctzige GmbH<br \/>Alt-Reinickendorf 25<br \/>13407 Berl\u00edn<\/p>\n<p><strong>Forma jur\u00eddica:<\/strong><\/p>\n<p>Sociedad sin \u00e1nimo de lucro de responsabilidad limitada<\/p>\n<p><strong>Representado por:<\/strong><\/p>\n<p>Director general Dr. Christian Pfeffer-Hoffmann<\/p>\n<p><strong>Persona de contacto:<\/strong><\/p>\n<p>Tel\u00e9fono: +49 30 \u2013 45 79 89 500<br \/>Fax: +49 30 \u2013 45 79 89 529<br \/>Correo electr\u00f3nico:\u00a0<a href=\"mailto:minor@minor-labora.de\">minor@minor-labora.de<\/a><\/p>\n<p><strong>Inscripci\u00f3n en el registro:<\/strong><\/p>\n<p>Inscripci\u00f3n en el Registro Mercantil<br \/>Tribunal de registro: Tribunal de Distrito de Charlottenburg<br \/>N\u00famero de registro: HRB 243419 B<\/p>\n<p><!-- \/wp:post-content --><\/p>\n<p><!-- wp:paragraph --><strong>Responsable con arreglo al art\u00edculo 18, apartado 2, del MStV:<\/strong><\/p>\n<p><!-- \/wp:paragraph --><\/p>\n<p><!-- wp:paragraph -->Dr. Christian Pfeffer-Hoffmann<br \/>Alt-Reinickendorf 25<br \/>13407 Berl\u00edn<\/p>\n<p><!-- \/wp:paragraph --><\/p>\n<p><!-- wp:paragraph --><strong>Arbitraje\/informaci\u00f3n al consumidor seg\u00fan \u00a736 VSBG<\/strong><\/p>\n<p><!-- \/wp:paragraph --><\/p>\n<p><!-- wp:paragraph -->Minor \u2013 Projektkontor f\u00fcr Bildung und Forschung gemeinn\u00fctzige GmbH no participa en un procedimiento de soluci\u00f3n de diferencias en el sentido del VSGB.<\/p>\n<p><!-- \/wp:paragraph --><\/p>\n<p><!-- wp:paragraph --><strong>Responsabilidad por enlaces:<\/strong><\/p>\n<p><!-- \/wp:paragraph --><\/p>\n<p><!-- wp:paragraph -->Nuestra oferta contiene enlaces a sitios web externos de terceros sobre cuyos contenidos no tenemos influencia. Por lo tanto, no podemos asumir ninguna responsabilidad por este contenido externo. El proveedor u operador respectivo de las p\u00e1ginas es siempre responsable de los contenidos de las p\u00e1ginas enlazadas. Las p\u00e1ginas enlazadas fueron revisadas en busca de posibles violaciones legales en el momento de la vinculaci\u00f3n. El contenido ilegal no era reconocible en el momento de la vinculaci\u00f3n. Sin embargo, un control permanente del contenido de las p\u00e1ginas enlazadas no es razonable sin indicios concretos de una violaci\u00f3n de la ley. Al tener conocimiento de violaciones legales, eliminaremos dichos enlaces de inmediato.<\/p>\n<p><!-- \/wp:paragraph --><\/p>\n<p><!-- wp:paragraph --><strong>Derechos de autor:<\/strong><\/p>\n<p><!-- \/wp:paragraph --><\/p>\n<p><!-- wp:paragraph -->El contenido y las obras creadas por los operadores del sitio en estas p\u00e1ginas est\u00e1n sujetos a la ley alemana de derechos de autor. La reproducci\u00f3n, el procesamiento, la distribuci\u00f3n y cualquier tipo de explotaci\u00f3n fuera de los l\u00edmites de la ley de derechos de autor requieren el consentimiento por escrito del autor o creador respectivo. Las descargas y copias de este sitio solo est\u00e1n permitidas para uso privado y no comercial. En la medida en que el contenido de esta p\u00e1gina no haya sido creado por el operador, se observan los derechos de autor de terceros. En particular, el contenido de terceros est\u00e1 marcado como tal. Sin embargo, en caso de que tenga conocimiento de una infracci\u00f3n de derechos de autor, le solicitamos un aviso correspondiente. Al tener conocimiento de violaciones legales, eliminaremos inmediatamente dicho contenido.<\/p>\n<p><!-- \/wp:paragraph -->\u00a0<\/p>\n\n\t\t<\/div>\n\t<\/div>\n<\/div><\/div><\/div><\/div><\/div><\/div>","protected":false},"excerpt":{"rendered":"Minor \u2013 Labora gemeinn\u00fctzige GmbHAlt-Reinickendorf 2513407 Berl\u00edn Forma jur\u00eddica: Sociedad sin \u00e1nimo de lucro de responsabilidad limitada representada por: Director Gerente Dr. Christian Pfeffer-Hoffmann Contacto: Tel\u00e9fono: +49 30 \u2013 45 79 89 500Fax: +49 30 \u2013 45 79 89 529Correo electr\u00f3nico:\u00a0minor@minor-labora.de Inscripci\u00f3n registral: Inscripci\u00f3n en el Registro MercantilTribunal de Registro: Tribunal de Distrito CharlottenburgN\u00famero de registro: HRB 243419 B Responsable con arreglo al art\u00edculo 18, apartado 2, del MStV: Dr. Christian Pfeffer-HoffmannAlt-Reinickendorf 2513407...","protected":false},"author":2,"featured_media":0,"parent":0,"menu_order":0,"comment_status":"closed","ping_status":"closed","template":"","meta":{"_acf_changed":false,"footnotes":""},"class_list":["post-45","page","type-page","status-publish","hentry"],"acf":[],"_links":{"self":[{"href":"https:\/\/minor-labora.de\/es\/wp-json\/wp\/v2\/pages\/45","targetHints":{"allow":["GET"]}}],"collection":[{"href":"https:\/\/minor-labora.de\/es\/wp-json\/wp\/v2\/pages"}],"about":[{"href":"https:\/\/minor-labora.de\/es\/wp-json\/wp\/v2\/types\/page"}],"author":[{"embeddable":true,"href":"https:\/\/minor-labora.de\/es\/wp-json\/wp\/v2\/users\/2"}],"replies":[{"embeddable":true,"href":"https:\/\/minor-labora.de\/es\/wp-json\/wp\/v2\/comments?post=45"}],"version-history":[{"count":4,"href":"https:\/\/minor-labora.de\/es\/wp-json\/wp\/v2\/pages\/45\/revisions"}],"predecessor-version":[{"id":780,"href":"https:\/\/minor-labora.de\/es\/wp-json\/wp\/v2\/pages\/45\/revisions\/780"}],"wp:attachment":[{"href":"https:\/\/minor-labora.de\/es\/wp-json\/wp\/v2\/media?parent=45"}],"curies":[{"name":"wp","href":"https:\/\/api.w.org\/{rel}","templated":true}]}}