


{"id":29,"date":"2023-10-13T15:48:06","date_gmt":"2023-10-13T13:48:06","guid":{"rendered":"https:\/\/minor-labora.de\/?page_id=29"},"modified":"2024-10-17T11:16:19","modified_gmt":"2024-10-17T09:16:19","slug":"kontakt","status":"publish","type":"page","link":"https:\/\/minor-labora.de\/fr\/kontakt\/","title":{"rendered":"Nous contacter"},"content":{"rendered":"<div class=\"wpb-content-wrapper\"><div class=\"vc-row-container container\"><div class=\"vc_row wpb_row vc_row-fluid\"><div class=\"wpb_column vc_column_container vc_col-sm-12\"><div class=\"vc_column-inner\"><div class=\"wpb_wrapper\">\n\t<div class=\"wpb_text_column wpb_content_element\" >\n\t\t<div class=\"wpb_wrapper\">\n\t\t\t<p>Minor \u2013 Labora est con\u00e7u comme un espace de r\u00e9flexion exp\u00e9rimentale et d\u2019innovation pour le groupe Minor. Gr\u00e2ce \u00e0 la recherche et au d\u00e9veloppement, \u00e0 des projets participatifs et \u00e0 des offres de formation, \u00e0 des manifestations sp\u00e9cialis\u00e9es, \u00e0 des conseils et \u00e0 des publications, nous recherchons des moyens de promouvoir des groupes cibles socialement marginalis\u00e9s. Nous travaillons en \u00e9troite collaboration avec <a href=\"http:\/\/minor-kontor.de\" target=\"_blank\" rel=\"noopener\" data-type=\"link\" data-id=\"minor-kontor.de\">Minor \u2013 Gestionnaire de projets dans le domaine de l\u2019\u00e9ducation et de la recherche<\/a>, <a href=\"http:\/\/minor-wissenschaft.de\" target=\"_blank\" rel=\"noopener\">Minor \u2013 Soci\u00e9t\u00e9 scientifique<\/a> et <a href=\"http:\/\/minor-digital.de\" target=\"_blank\" rel=\"noopener\">Mineur \u2013 num\u00e9rique<\/a> ensemble.<\/p>\n\n\t\t<\/div>\n\t<\/div>\n\n\t<div  class=\"wpb_single_image wpb_content_element vc_align_left wpb_content_element\">\n\t\t\n\t\t<figure class=\"wpb_wrapper vc_figure\">\n\t\t\t<div class=\"vc_single_image-wrapper   vc_box_border_grey\"><img loading=\"lazy\" decoding=\"async\" width=\"1170\" height=\"430\" src=\"https:\/\/minor-labora.de\/wp-content\/uploads\/2023\/10\/MiLa_Stern_wb.gif\" class=\"vc_single_image-img attachment-full\" alt=\"\" title=\"MiLa_Stern_wb\" \/><\/div>\n\t\t<\/figure>\n\t<\/div>\n<\/div><\/div><\/div><\/div><\/div><div class=\"vc-row-container container\"><div class=\"vc_row wpb_row vc_row-fluid vc_custom_1427330082983\"><div class=\"wpb_column vc_column_container vc_col-sm-6\"><div class=\"vc_column-inner\"><div class=\"wpb_wrapper\">\n\t<div class=\"wpb_text_column wpb_content_element vc_custom_1729156577423\" >\n\t\t<div class=\"wpb_wrapper\">\n\t\t\t<h3>Contactez-nous<\/h3>\n<p><strong>Courriel: <\/strong><a href=\"mailto:minor@minor-kontor.de\">minor@minor-labora.de<\/a><\/p>\n<p><strong>T\u00e9l\u00e9phone: <\/strong>+49 30 \u2013 45 79 89 500<br \/>\n<strong>T\u00e9l\u00e9copieur:<\/strong> +49 30 \u2013 45 79 89 529<\/p>\n\n\t\t<\/div>\n\t<\/div>\n<\/div><\/div><\/div><div class=\"wpb_column vc_column_container vc_col-sm-6\"><div class=\"vc_column-inner\"><div class=\"wpb_wrapper\">\n\t<div class=\"wpb_text_column wpb_content_element\" >\n\t\t<div class=\"wpb_wrapper\">\n\t\t\t<h3>Vous nous trouverez ici<\/h3>\n<p>Minor \u2013 Labora \u00e0 but non lucratif GmbH<\/p>\n<p>Vieux-Reinickendorf 25<br \/>\n13407 Berlin<\/p>\n\n\t\t<\/div>\n\t<\/div>\n\n\t<div class=\"wpb_text_column wpb_content_element\" >\n\t\t<div class=\"wpb_wrapper\">\n\t\t\t<h4>Pour nous rejoindre en transports en commun:<\/h4>\n<ul>\n<li>U 8 Bain de Paracelse: env. 450 m<\/li>\n<li>S 25 Alt-Reinickendorf: env. 600 m<\/li>\n<li>Autoroute urbaine A111: environ 3 km<\/li>\n<\/ul>\n\n\t\t<\/div>\n\t<\/div>\n<\/div><\/div><\/div><\/div><\/div><div class=\"vc-row-container container\"><div class=\"vc_row wpb_row vc_row-fluid\"><div class=\"wpb_column vc_column_container vc_col-sm-3\"><div class=\"vc_column-inner vc_custom_1527149370690\"><div class=\"wpb_wrapper\"><\/div><\/div><\/div><div class=\"wpb_column vc_column_container vc_col-sm-9\"><div class=\"vc_column-inner\"><div class=\"wpb_wrapper\"><\/div><\/div><\/div><\/div><\/div>\n<\/div>","protected":false},"excerpt":{"rendered":"Minor \u2013 Labora est con\u00e7u comme un espace de r\u00e9flexion exp\u00e9rimentale et d\u2019innovation pour le groupe Minor. Gr\u00e2ce \u00e0 la recherche et au d\u00e9veloppement, \u00e0 des projets participatifs et \u00e0 des offres de formation, \u00e0 des manifestations sp\u00e9cialis\u00e9es, \u00e0 des conseils et \u00e0 des publications, nous recherchons des moyens de promouvoir des groupes cibles socialement marginalis\u00e9s. Pour ce faire, nous travaillons en \u00e9troite collaboration avec Minor \u2013 Project Accountr for Education and Research, Minor \u2013 Science Society et Minor...","protected":false},"author":2,"featured_media":0,"parent":0,"menu_order":0,"comment_status":"closed","ping_status":"closed","template":"","meta":{"_acf_changed":false,"footnotes":""},"class_list":["post-29","page","type-page","status-publish","hentry"],"acf":[],"_links":{"self":[{"href":"https:\/\/minor-labora.de\/fr\/wp-json\/wp\/v2\/pages\/29","targetHints":{"allow":["GET"]}}],"collection":[{"href":"https:\/\/minor-labora.de\/fr\/wp-json\/wp\/v2\/pages"}],"about":[{"href":"https:\/\/minor-labora.de\/fr\/wp-json\/wp\/v2\/types\/page"}],"author":[{"embeddable":true,"href":"https:\/\/minor-labora.de\/fr\/wp-json\/wp\/v2\/users\/2"}],"replies":[{"embeddable":true,"href":"https:\/\/minor-labora.de\/fr\/wp-json\/wp\/v2\/comments?post=29"}],"version-history":[{"count":12,"href":"https:\/\/minor-labora.de\/fr\/wp-json\/wp\/v2\/pages\/29\/revisions"}],"predecessor-version":[{"id":230,"href":"https:\/\/minor-labora.de\/fr\/wp-json\/wp\/v2\/pages\/29\/revisions\/230"}],"wp:attachment":[{"href":"https:\/\/minor-labora.de\/fr\/wp-json\/wp\/v2\/media?parent=29"}],"curies":[{"name":"wp","href":"https:\/\/api.w.org\/{rel}","templated":true}]}}