


{"id":45,"date":"2023-10-17T12:29:50","date_gmt":"2023-10-17T10:29:50","guid":{"rendered":"https:\/\/minor-labora.de\/?page_id=45"},"modified":"2025-12-22T18:06:23","modified_gmt":"2025-12-22T17:06:23","slug":"impressum","status":"publish","type":"page","link":"https:\/\/minor-labora.de\/fr\/impressum\/","title":{"rendered":"Mentions l\u00e9gales"},"content":{"rendered":"<div class=\"wpb-content-wrapper\"><div class=\"vc-row-container container\"><div class=\"vc_row wpb_row vc_row-fluid\"><div class=\"wpb_column vc_column_container vc_col-sm-12\"><div class=\"vc_column-inner\"><div class=\"wpb_wrapper\">\n\t<div class=\"wpb_text_column wpb_content_element\" >\n\t\t<div class=\"wpb_wrapper\">\n\t\t\t<p>Minor \u2013 Labora \u00e0 but non lucratif GmbH<br \/>Vieux-Reinickendorf 25<br \/>13407 Berlin<\/p>\n<p><strong>Forme juridique:<\/strong><\/p>\n<p>Soci\u00e9t\u00e9 \u00e0 but non lucratif \u00e0 responsabilit\u00e9 limit\u00e9e<\/p>\n<p><strong>Repr\u00e9sent\u00e9 par:<\/strong><\/p>\n<p>Directeur g\u00e9n\u00e9ral Dr. Christian Pfeffer-Hoffmann<\/p>\n<p><strong>Contact :<\/strong><\/p>\n<p>T\u00e9l\u00e9phone: +49 30 \u2013 45 79 89 500<br \/>T\u00e9l\u00e9copieur: +49 30 \u2013 45 79 89 529<br \/>Courriel:\u00a0<a href=\"mailto:minor@minor-labora.de\">minor@minor-labora.de<\/a><\/p>\n<p><strong>Inscription au registre:<\/strong><\/p>\n<p>Inscription au registre du commerce<br \/>Tribunal d'enregistrement: Tribunal d'instance de Charlottenburg<br \/>Num\u00e9ro d'enregistrement: HRB 243419 B<\/p>\n<p><!-- \/wp:post-content --><\/p>\n<p><!-- wp:paragraph --><strong>Responsable au sens de l\u2019article 18, paragraphe 2, du MStV:<\/strong><\/p>\n<p><!-- \/wp:paragraph --><\/p>\n<p><!-- wp:paragraph -->Dr. Christian Pfeffer-Hoffmann<br \/>Vieux-Reinickendorf 25<br \/>13407 Berlin<\/p>\n<p><!-- \/wp:paragraph --><\/p>\n<p><!-- wp:paragraph --><strong>Conciliation des consommateurs \/ Information selon \u00a736 VSBG<\/strong><\/p>\n<p><!-- \/wp:paragraph --><\/p>\n<p><!-- wp:paragraph -->Minor \u2013 Projektkontor f\u00fcr Bildung und Forschung gemeinn\u00fctzige GmbH ne participe pas \u00e0 une proc\u00e9dure de r\u00e8glement des diff\u00e9rends au sens du VSGB.<\/p>\n<p><!-- \/wp:paragraph --><\/p>\n<p><!-- wp:paragraph --><strong>Responsabilit\u00e9 pour les liens:<\/strong><\/p>\n<p><!-- \/wp:paragraph --><\/p>\n<p><!-- wp:paragraph -->Notre offre contient des liens vers des sites Web externes de tiers sur le contenu desquels nous n'avons aucune influence. C'est pourquoi nous ne pouvons pas garantir ces contenus externes. Le fournisseur ou l'exploitant respectif des pages li\u00e9es est toujours responsable du contenu des pages li\u00e9es. Les pages li\u00e9es ont \u00e9t\u00e9 v\u00e9rifi\u00e9es au moment du lien pour d'\u00e9ventuelles violations de la loi. Les contenus illicites n'\u00e9taient pas reconnaissables au moment de la cr\u00e9ation du lien. Cependant, un contr\u00f4le permanent du contenu des pages li\u00e9es n'est pas raisonnable sans indices concrets d'une violation du droit. D\u00e8s que nous aurons connaissance d'infractions, nous supprimerons imm\u00e9diatement ces liens.<\/p>\n<p><!-- \/wp:paragraph --><\/p>\n<p><!-- wp:paragraph --><strong>Droit d'auteur:<\/strong><\/p>\n<p><!-- \/wp:paragraph --><\/p>\n<p><!-- wp:paragraph -->Les contenus et les \u0153uvres cr\u00e9\u00e9s par les exploitants du site sur ces pages sont soumis au droit d'auteur allemand. La reproduction, l'\u00e9dition, la distribution et toute forme d'exploitation en dehors des limites du droit d'auteur n\u00e9cessitent le consentement \u00e9crit de l'auteur ou du cr\u00e9ateur respectif. Les t\u00e9l\u00e9chargements et les copies de ce site ne sont autoris\u00e9s que pour un usage priv\u00e9 et non commercial. Dans la mesure o\u00f9 le contenu de ce site n'a pas \u00e9t\u00e9 cr\u00e9\u00e9 par l'exploitant, les droits d'auteur de tiers sont respect\u00e9s. En particulier, les contenus de tiers sont identifi\u00e9s comme tels. Si vous \u00eates n\u00e9anmoins inform\u00e9 d'une violation du droit d'auteur, nous vous prions de nous en informer. D\u00e8s que nous aurons connaissance d'une violation de la loi, nous supprimerons imm\u00e9diatement ce contenu.<\/p>\n<p><!-- \/wp:paragraph -->\u00a0<\/p>\n\n\t\t<\/div>\n\t<\/div>\n<\/div><\/div><\/div><\/div><\/div><\/div>","protected":false},"excerpt":{"rendered":"Minor \u2013 Labora \u00e0 but non lucratif GmbHAlt-Reinickendorf 2513407 Berlin Forme juridique: Soci\u00e9t\u00e9 \u00e0 but non lucratif \u00e0 responsabilit\u00e9 limit\u00e9e repr\u00e9sent\u00e9e par: Directeur g\u00e9n\u00e9ral Dr. Christian Pfeffer-Hoffmann Contact: T\u00e9l\u00e9phone: +49 30 \u2013 45 79 89 500T\u00e9l\u00e9copieur: +49 30 \u2013 45 79 89 529Email:\u00a0minor@minor-labora.de Entr\u00e9e du registre: Inscription au registre du commerceTribunal du registre du commerce: Tribunal d'instance de CharlottenburgNum\u00e9ro d'enregistrement: HRB 243419 B Responsable en vertu de l\u2019article 18, paragraphe 2, du MStV: Dr. Christian Pfeffer-HoffmannAlt-Reinickendorf 2513407...","protected":false},"author":2,"featured_media":0,"parent":0,"menu_order":0,"comment_status":"closed","ping_status":"closed","template":"","meta":{"_acf_changed":false,"footnotes":""},"class_list":["post-45","page","type-page","status-publish","hentry"],"acf":[],"_links":{"self":[{"href":"https:\/\/minor-labora.de\/fr\/wp-json\/wp\/v2\/pages\/45","targetHints":{"allow":["GET"]}}],"collection":[{"href":"https:\/\/minor-labora.de\/fr\/wp-json\/wp\/v2\/pages"}],"about":[{"href":"https:\/\/minor-labora.de\/fr\/wp-json\/wp\/v2\/types\/page"}],"author":[{"embeddable":true,"href":"https:\/\/minor-labora.de\/fr\/wp-json\/wp\/v2\/users\/2"}],"replies":[{"embeddable":true,"href":"https:\/\/minor-labora.de\/fr\/wp-json\/wp\/v2\/comments?post=45"}],"version-history":[{"count":4,"href":"https:\/\/minor-labora.de\/fr\/wp-json\/wp\/v2\/pages\/45\/revisions"}],"predecessor-version":[{"id":780,"href":"https:\/\/minor-labora.de\/fr\/wp-json\/wp\/v2\/pages\/45\/revisions\/780"}],"wp:attachment":[{"href":"https:\/\/minor-labora.de\/fr\/wp-json\/wp\/v2\/media?parent=45"}],"curies":[{"name":"wp","href":"https:\/\/api.w.org\/{rel}","templated":true}]}}