


{"id":29,"date":"2023-10-13T15:48:06","date_gmt":"2023-10-13T13:48:06","guid":{"rendered":"https:\/\/minor-labora.de\/?page_id=29"},"modified":"2024-10-17T11:16:19","modified_gmt":"2024-10-17T09:16:19","slug":"kontakt","status":"publish","type":"page","link":"https:\/\/minor-labora.de\/pl\/kontakt\/","title":{"rendered":"kontakt"},"content":{"rendered":"<div class=\"wpb-content-wrapper\"><div class=\"vc-row-container container\"><div class=\"vc_row wpb_row vc_row-fluid\"><div class=\"wpb_column vc_column_container vc_col-sm-12\"><div class=\"vc_column-inner\"><div class=\"wpb_wrapper\">\n\t<div class=\"wpb_text_column wpb_content_element\" >\n\t\t<div class=\"wpb_wrapper\">\n\t\t\t<p>Minor \u2013 Labora zosta\u0142a zaprojektowana jako przestrze\u0144 eksperymentalnego my\u015blenia i innowacji dla grupy Minor. Poprzez badania i rozw\u00f3j, poprzez projekty partycypacyjne i oferty edukacyjne, poprzez specjalistyczne wydarzenia, doradztwo i publikacje, szukamy sposob\u00f3w promowania spo\u0142ecznie zmarginalizowanych grup docelowych. \u015aci\u015ble wsp\u00f3\u0142pracujemy z <a href=\"http:\/\/minor-kontor.de\" target=\"_blank\" rel=\"noopener\" data-type=\"link\" data-id=\"minor-kontor.de\">Minor - Ksi\u0119gowy Projekt\u00f3w Edukacyjnych i Badawczych<\/a>, <a href=\"http:\/\/minor-wissenschaft.de\" target=\"_blank\" rel=\"noopener\">Drobne \u2013 Towarzystwo Naukowe<\/a> oraz <a href=\"http:\/\/minor-digital.de\" target=\"_blank\" rel=\"noopener\">Drobne - cyfrowe<\/a> razem.<\/p>\n\n\t\t<\/div>\n\t<\/div>\n\n\t<div  class=\"wpb_single_image wpb_content_element vc_align_left wpb_content_element\">\n\t\t\n\t\t<figure class=\"wpb_wrapper vc_figure\">\n\t\t\t<div class=\"vc_single_image-wrapper   vc_box_border_grey\"><img loading=\"lazy\" decoding=\"async\" width=\"1170\" height=\"430\" src=\"https:\/\/minor-labora.de\/wp-content\/uploads\/2023\/10\/MiLa_Stern_wb.gif\" class=\"vc_single_image-img attachment-full\" alt=\"\" title=\"MiLa_Stern_wb\" \/><\/div>\n\t\t<\/figure>\n\t<\/div>\n<\/div><\/div><\/div><\/div><\/div><div class=\"vc-row-container container\"><div class=\"vc_row wpb_row vc_row-fluid vc_custom_1427330082983\"><div class=\"wpb_column vc_column_container vc_col-sm-6\"><div class=\"vc_column-inner\"><div class=\"wpb_wrapper\">\n\t<div class=\"wpb_text_column wpb_content_element vc_custom_1729156577423\" >\n\t\t<div class=\"wpb_wrapper\">\n\t\t\t<h3>Skontaktuj si\u0119 z nami<\/h3>\n<p><strong>Adres poczty elektronicznej: <\/strong><a href=\"mailto:minor@minor-kontor.de\">minor@minor-labora.de<\/a><\/p>\n<p><strong>Telefon: <\/strong>+49 30 \u2013 45 79 89 500<br \/>\n<strong>Faks:<\/strong> +49 30 \u2013 45 79 89 529<\/p>\n\n\t\t<\/div>\n\t<\/div>\n<\/div><\/div><\/div><div class=\"wpb_column vc_column_container vc_col-sm-6\"><div class=\"vc_column-inner\"><div class=\"wpb_wrapper\">\n\t<div class=\"wpb_text_column wpb_content_element\" >\n\t\t<div class=\"wpb_wrapper\">\n\t\t\t<h3>Tutaj znajdziesz nas<\/h3>\n<p>Minor \u2013 Labora gemeinn\u00fctzige GmbH<\/p>\n<p>Alt-Reinickendorf 25<br \/>\n13407 Berlin<\/p>\n\n\t\t<\/div>\n\t<\/div>\n\n\t<div class=\"wpb_text_column wpb_content_element\" >\n\t\t<div class=\"wpb_wrapper\">\n\t\t\t<h4>Jak do nas dojecha\u0107 komunikacj\u0105 miejsk\u0105:<\/h4>\n<ul>\n<li>U 8 \u0141a\u017ania Paracelsus: ok. 450 m<\/li>\n<li>S 25 Alt-Reinickendorf: ok. 600 m<\/li>\n<li>Autostrada A111: ok. 3 km<\/li>\n<\/ul>\n\n\t\t<\/div>\n\t<\/div>\n<\/div><\/div><\/div><\/div><\/div><div class=\"vc-row-container container\"><div class=\"vc_row wpb_row vc_row-fluid\"><div class=\"wpb_column vc_column_container vc_col-sm-3\"><div class=\"vc_column-inner vc_custom_1527149370690\"><div class=\"wpb_wrapper\"><\/div><\/div><\/div><div class=\"wpb_column vc_column_container vc_col-sm-9\"><div class=\"vc_column-inner\"><div class=\"wpb_wrapper\"><\/div><\/div><\/div><\/div><\/div>\n<\/div>","protected":false},"excerpt":{"rendered":"Minor \u2013 Labora zosta\u0142a zaprojektowana jako przestrze\u0144 eksperymentalnego my\u015blenia i innowacji dla grupy Minor. Poprzez badania i rozw\u00f3j, poprzez projekty partycypacyjne i oferty edukacyjne, poprzez specjalistyczne wydarzenia, doradztwo i publikacje, szukamy sposob\u00f3w promowania spo\u0142ecznie zmarginalizowanych grup docelowych. \u015aci\u015ble wsp\u00f3\u0142pracujemy z Minor - Projektkontor f\u00fcr Bildung und Forschung, Minor - Wissenschaft Gesellschaft und Minor...","protected":false},"author":2,"featured_media":0,"parent":0,"menu_order":0,"comment_status":"closed","ping_status":"closed","template":"","meta":{"_acf_changed":false,"footnotes":""},"class_list":["post-29","page","type-page","status-publish","hentry"],"acf":[],"_links":{"self":[{"href":"https:\/\/minor-labora.de\/pl\/wp-json\/wp\/v2\/pages\/29","targetHints":{"allow":["GET"]}}],"collection":[{"href":"https:\/\/minor-labora.de\/pl\/wp-json\/wp\/v2\/pages"}],"about":[{"href":"https:\/\/minor-labora.de\/pl\/wp-json\/wp\/v2\/types\/page"}],"author":[{"embeddable":true,"href":"https:\/\/minor-labora.de\/pl\/wp-json\/wp\/v2\/users\/2"}],"replies":[{"embeddable":true,"href":"https:\/\/minor-labora.de\/pl\/wp-json\/wp\/v2\/comments?post=29"}],"version-history":[{"count":12,"href":"https:\/\/minor-labora.de\/pl\/wp-json\/wp\/v2\/pages\/29\/revisions"}],"predecessor-version":[{"id":230,"href":"https:\/\/minor-labora.de\/pl\/wp-json\/wp\/v2\/pages\/29\/revisions\/230"}],"wp:attachment":[{"href":"https:\/\/minor-labora.de\/pl\/wp-json\/wp\/v2\/media?parent=29"}],"curies":[{"name":"wp","href":"https:\/\/api.w.org\/{rel}","templated":true}]}}