


{"id":45,"date":"2023-10-17T12:29:50","date_gmt":"2023-10-17T10:29:50","guid":{"rendered":"https:\/\/minor-labora.de\/?page_id=45"},"modified":"2025-12-22T18:06:23","modified_gmt":"2025-12-22T17:06:23","slug":"impressum","status":"publish","type":"page","link":"https:\/\/minor-labora.de\/pl\/impressum\/","title":{"rendered":"zastrze\u017cenie"},"content":{"rendered":"<div class=\"wpb-content-wrapper\"><div class=\"vc-row-container container\"><div class=\"vc_row wpb_row vc_row-fluid\"><div class=\"wpb_column vc_column_container vc_col-sm-12\"><div class=\"vc_column-inner\"><div class=\"wpb_wrapper\">\n\t<div class=\"wpb_text_column wpb_content_element\" >\n\t\t<div class=\"wpb_wrapper\">\n\t\t\t<p>Minor \u2013 Labora gemeinn\u00fctzige GmbH<br \/>Alt-Reinickendorf 25<br \/>13407 Berlin<\/p>\n<p><strong>Forma prawna:<\/strong><\/p>\n<p>Sp\u00f3\u0142ka z ograniczon\u0105 odpowiedzialno\u015bci\u0105 nienastawiona na zysk<\/p>\n<p><strong>Reprezentowany przez:<\/strong><\/p>\n<p>Dyrektor zarz\u0105dzaj\u0105cy dr Christian Pfeffer-Hoffmann<\/p>\n<p><strong>Kontakt:<\/strong><\/p>\n<p>Telefon: +49 30 \u2013 45 79 89 500<br \/>Faks: +49 30 \u2013 45 79 89 529<br \/>Adres poczty elektronicznej:\u00a0<a href=\"mailto:minor@minor-labora.de\">minor@minor-labora.de<\/a><\/p>\n<p><strong>Wpis do rejestru:<\/strong><\/p>\n<p>Wpis do rejestru handlowego<br \/>S\u0105d rejestrowy: S\u0105d Rejonowy w Charlottenburgu<br \/>Numer rejestracji: HRB 243419 B<\/p>\n<p><!-- \/wp:post-content --><\/p>\n<p><!-- wp:paragraph --><strong>Odpowiedzialny zgodnie z \u00a7 18 ust. 2 MStV:<\/strong><\/p>\n<p><!-- \/wp:paragraph --><\/p>\n<p><!-- wp:paragraph -->dr Christian Pfeffer-Hoffmann<br \/>Alt-Reinickendorf 25<br \/>13407 Berlin<\/p>\n<p><!-- \/wp:paragraph --><\/p>\n<p><!-- wp:paragraph --><strong>Arbitra\u017c konsumencki\/informacje zgodnie z \u00a736 VSBG<\/strong><\/p>\n<p><!-- \/wp:paragraph --><\/p>\n<p><!-- wp:paragraph -->Minor \u2013 Projektkontor f\u00fcr Bildung und Forschung gemeinn\u00fctzige GmbH nie uczestniczy w procedurze rozstrzygania spor\u00f3w w rozumieniu VSGB.<\/p>\n<p><!-- \/wp:paragraph --><\/p>\n<p><!-- wp:paragraph --><strong>Odpowiedzialno\u015b\u0107 za linki:<\/strong><\/p>\n<p><!-- \/wp:paragraph --><\/p>\n<p><!-- wp:paragraph -->Nasza oferta zawiera linki do zewn\u0119trznych stron internetowych os\u00f3b trzecich, na kt\u00f3rych tre\u015b\u0107 nie mamy wp\u0142ywu. W zwi\u0105zku z tym nie ponosimy \u017cadnej odpowiedzialno\u015bci za te tre\u015bci zewn\u0119trzne. Odpowiedni dostawca lub operator stron jest zawsze odpowiedzialny za zawarto\u015b\u0107 stron, do kt\u00f3rych prowadz\u0105 linki. Powi\u0105zane strony zosta\u0142y sprawdzone pod k\u0105tem ewentualnych narusze\u0144 prawa w momencie linkowania. Tre\u015bci niezgodne z prawem nie by\u0142y rozpoznawalne w momencie linkowania. Sta\u0142a kontrola tre\u015bci powi\u0105zanych stron nie jest jednak uzasadniona bez konkretnych przes\u0142anek naruszenia prawa. Po uzyskaniu informacji o naruszeniach prawa natychmiast usuniemy takie linki.<\/p>\n<p><!-- \/wp:paragraph --><\/p>\n<p><!-- wp:paragraph --><strong>Prawa autorskie:<\/strong><\/p>\n<p><!-- \/wp:paragraph --><\/p>\n<p><!-- wp:paragraph -->Tre\u015bci i dzie\u0142a stworzone przez operator\u00f3w witryn na tych stronach podlegaj\u0105 niemieckiemu prawu autorskiemu. Powielanie, przetwarzanie, dystrybucja i wszelkiego rodzaju wykorzystywanie poza granicami prawa autorskiego wymaga pisemnej zgody danego autora lub tw\u00f3rcy. Pliki do pobrania i kopie tej strony s\u0105 dozwolone tylko do u\u017cytku prywatnego, niekomercyjnego. O ile tre\u015bci na tej stronie nie zosta\u0142y stworzone przez operatora, prawa autorskie os\u00f3b trzecich s\u0105 przestrzegane. W szczeg\u00f3lno\u015bci tre\u015bci os\u00f3b trzecich s\u0105 oznaczone jako takie. Je\u015bli jednak dowiedz\u0105 si\u0119 Pa\u0144stwo o naruszeniu praw autorskich, prosimy o odpowiednie powiadomienie. Po uzyskaniu informacji o naruszeniach prawa natychmiast usuniemy takie tre\u015bci.<\/p>\n<p><!-- \/wp:paragraph -->\u00a0<\/p>\n\n\t\t<\/div>\n\t<\/div>\n<\/div><\/div><\/div><\/div><\/div><\/div>","protected":false},"excerpt":{"rendered":"Minor \u2013 Labora gemeinn\u00fctzige GmbHAlt-Reinickendorf 2513407 Berlin Forma prawna: Sp\u00f3\u0142ka z ograniczon\u0105 odpowiedzialno\u015bci\u0105 nienastawiona na zysk reprezentowana przez: Dyrektor Zarz\u0105dzaj\u0105cy Dr. Christian Pfeffer-Hoffmann Kontakt: Telefon: +49 30 \u2013 45 79 89 500Faks: +49 30 \u2013 45 79 89 529E-mail:\u00a0minor@minor-labora.de Wpis do rejestru: Rejestracja w Rejestrze HandlowymS\u0105d Rejestrowy: S\u0105d Rejonowy CharlottenburgNumer rejestracyjny: HRB 243419 B Odpowiedzialny zgodnie z \u00a7 18 ust. 2 MStV: Dr Christian Pfeffer-HoffmannAlt-Reinickendorf 2513407... - Kto odpowiedzia\u0142?","protected":false},"author":2,"featured_media":0,"parent":0,"menu_order":0,"comment_status":"closed","ping_status":"closed","template":"","meta":{"_acf_changed":false,"footnotes":""},"class_list":["post-45","page","type-page","status-publish","hentry"],"acf":[],"_links":{"self":[{"href":"https:\/\/minor-labora.de\/pl\/wp-json\/wp\/v2\/pages\/45","targetHints":{"allow":["GET"]}}],"collection":[{"href":"https:\/\/minor-labora.de\/pl\/wp-json\/wp\/v2\/pages"}],"about":[{"href":"https:\/\/minor-labora.de\/pl\/wp-json\/wp\/v2\/types\/page"}],"author":[{"embeddable":true,"href":"https:\/\/minor-labora.de\/pl\/wp-json\/wp\/v2\/users\/2"}],"replies":[{"embeddable":true,"href":"https:\/\/minor-labora.de\/pl\/wp-json\/wp\/v2\/comments?post=45"}],"version-history":[{"count":4,"href":"https:\/\/minor-labora.de\/pl\/wp-json\/wp\/v2\/pages\/45\/revisions"}],"predecessor-version":[{"id":780,"href":"https:\/\/minor-labora.de\/pl\/wp-json\/wp\/v2\/pages\/45\/revisions\/780"}],"wp:attachment":[{"href":"https:\/\/minor-labora.de\/pl\/wp-json\/wp\/v2\/media?parent=45"}],"curies":[{"name":"wp","href":"https:\/\/api.w.org\/{rel}","templated":true}]}}