


{"id":29,"date":"2023-10-13T15:48:06","date_gmt":"2023-10-13T13:48:06","guid":{"rendered":"https:\/\/minor-labora.de\/?page_id=29"},"modified":"2024-10-17T11:16:19","modified_gmt":"2024-10-17T09:16:19","slug":"kontakt","status":"publish","type":"page","link":"https:\/\/minor-labora.de\/tr\/kontakt\/","title":{"rendered":"\u0130LET\u0130\u015e\u0130M"},"content":{"rendered":"<div class=\"wpb-content-wrapper\"><div class=\"vc-row-container container\"><div class=\"vc_row wpb_row vc_row-fluid\"><div class=\"wpb_column vc_column_container vc_col-sm-12\"><div class=\"vc_column-inner\"><div class=\"wpb_wrapper\">\n\t<div class=\"wpb_text_column wpb_content_element\" >\n\t\t<div class=\"wpb_wrapper\">\n\t\t\t<p>Minor  \u2047  Labora, Minor grubu i\u00e7in deneysel d\u00fc\u015f\u00fcnme ve yenilik alan\u0131 olarak tasarlanm\u0131\u015ft\u0131r. Ara\u015ft\u0131rma ve geli\u015ftirme, kat\u0131l\u0131mc\u0131 projeler ve e\u011fitim teklifleri, uzmanl\u0131k etkinlikleri, dan\u0131\u015fmanl\u0131k ve yay\u0131nlar arac\u0131l\u0131\u011f\u0131yla, sosyal olarak marjinalle\u015ftirilmi\u015f hedef gruplar\u0131 te\u015fvik etmenin yollar\u0131n\u0131 ar\u0131yoruz. Yak\u0131n bir \u015fekilde \u00e7al\u0131\u015f\u0131yoruz <a href=\"http:\/\/minor-kontor.de\" target=\"_blank\" rel=\"noopener\" data-type=\"link\" data-id=\"minor-kontor.de\">Yan Dal - E\u011fitim ve Ara\u015ft\u0131rma Projeleri Muhasebecisi<\/a>, <a href=\"http:\/\/minor-wissenschaft.de\" target=\"_blank\" rel=\"noopener\">Minor  \u2047  Bilim Toplumu<\/a> ve <a href=\"http:\/\/minor-digital.de\" target=\"_blank\" rel=\"noopener\">Min\u00f6r - dijital<\/a> Hem de birlikte.<\/p>\n\n\t\t<\/div>\n\t<\/div>\n\n\t<div  class=\"wpb_single_image wpb_content_element vc_align_left wpb_content_element\">\n\t\t\n\t\t<figure class=\"wpb_wrapper vc_figure\">\n\t\t\t<div class=\"vc_single_image-wrapper   vc_box_border_grey\"><img loading=\"lazy\" decoding=\"async\" width=\"1170\" height=\"430\" src=\"https:\/\/minor-labora.de\/wp-content\/uploads\/2023\/10\/MiLa_Stern_wb.gif\" class=\"vc_single_image-img attachment-full\" alt=\"\" title=\"MiLa_Stern_wb\" \/><\/div>\n\t\t<\/figure>\n\t<\/div>\n<\/div><\/div><\/div><\/div><\/div><div class=\"vc-row-container container\"><div class=\"vc_row wpb_row vc_row-fluid vc_custom_1427330082983\"><div class=\"wpb_column vc_column_container vc_col-sm-6\"><div class=\"vc_column-inner\"><div class=\"wpb_wrapper\">\n\t<div class=\"wpb_text_column wpb_content_element vc_custom_1729156577423\" >\n\t\t<div class=\"wpb_wrapper\">\n\t\t\t<h3>Bize Ba\u015fvurun<\/h3>\n<p><strong>E-posta adresiniz: <\/strong><a href=\"mailto:minor@minor-kontor.de\">minor@minor-labora.de<\/a><\/p>\n<p><strong>Telefon numaras\u0131 ve telefon numaras\u0131: <\/strong>+49 30  \u2047  45 79 89 500<br \/>\n<strong>Faks i\u00e7in:<\/strong> +49 30  \u2047  45 79 89 529 numaral\u0131 telefondan<\/p>\n\n\t\t<\/div>\n\t<\/div>\n<\/div><\/div><\/div><div class=\"wpb_column vc_column_container vc_col-sm-6\"><div class=\"vc_column-inner\"><div class=\"wpb_wrapper\">\n\t<div class=\"wpb_text_column wpb_content_element\" >\n\t\t<div class=\"wpb_wrapper\">\n\t\t\t<h3>Burada bizi bulacaks\u0131n\u0131z<\/h3>\n<p>K\u00fc\u00e7\u00fck  \u2047  Labora gemeinn\u00fctzige GmbH<\/p>\n<p>Alt-Reinickendorf'ta 25<br \/>\n13407 Berlin<\/p>\n\n\t\t<\/div>\n\t<\/div>\n\n\t<div class=\"wpb_text_column wpb_content_element\" >\n\t\t<div class=\"wpb_wrapper\">\n\t\t\t<h4>Toplu ta\u015f\u0131ma ara\u00e7lar\u0131yla bize nas\u0131l ula\u015fabilirsiniz:<\/h4>\n<ul>\n<li>U 8 Paracelsus banyosu: yakla\u015f\u0131k 450 m<\/li>\n<li>S 25 Alt-Reinickendorf i\u00e7in: yakla\u015f\u0131k 600 m<\/li>\n<li>A111 otoyolu: yakla\u015f\u0131k 3 km<\/li>\n<\/ul>\n\n\t\t<\/div>\n\t<\/div>\n<\/div><\/div><\/div><\/div><\/div><div class=\"vc-row-container container\"><div class=\"vc_row wpb_row vc_row-fluid\"><div class=\"wpb_column vc_column_container vc_col-sm-3\"><div class=\"vc_column-inner vc_custom_1527149370690\"><div class=\"wpb_wrapper\"><\/div><\/div><\/div><div class=\"wpb_column vc_column_container vc_col-sm-9\"><div class=\"vc_column-inner\"><div class=\"wpb_wrapper\"><\/div><\/div><\/div><\/div><\/div>\n<\/div>","protected":false},"excerpt":{"rendered":"Minor  \u2047  Labora, Minor grubu i\u00e7in deneysel d\u00fc\u015f\u00fcnme ve yenilik alan\u0131 olarak tasarlanm\u0131\u015ft\u0131r. Ara\u015ft\u0131rma ve geli\u015ftirme, kat\u0131l\u0131mc\u0131 projeler ve e\u011fitim teklifleri, uzmanl\u0131k etkinlikleri, dan\u0131\u015fmanl\u0131k ve yay\u0131nlar arac\u0131l\u0131\u011f\u0131yla, sosyal olarak marjinalle\u015ftirilmi\u015f hedef gruplar\u0131 te\u015fvik etmenin yollar\u0131n\u0131 ar\u0131yoruz. Minor - Projektkontor f\u00fcr Bildung und Forschung, Minor - Wissenschaft Gesellschaft und Minor ile yak\u0131n bir \u015fekilde \u00e7al\u0131\u015f\u0131yoruz...","protected":false},"author":2,"featured_media":0,"parent":0,"menu_order":0,"comment_status":"closed","ping_status":"closed","template":"","meta":{"_acf_changed":false,"footnotes":""},"class_list":["post-29","page","type-page","status-publish","hentry"],"acf":[],"_links":{"self":[{"href":"https:\/\/minor-labora.de\/tr\/wp-json\/wp\/v2\/pages\/29","targetHints":{"allow":["GET"]}}],"collection":[{"href":"https:\/\/minor-labora.de\/tr\/wp-json\/wp\/v2\/pages"}],"about":[{"href":"https:\/\/minor-labora.de\/tr\/wp-json\/wp\/v2\/types\/page"}],"author":[{"embeddable":true,"href":"https:\/\/minor-labora.de\/tr\/wp-json\/wp\/v2\/users\/2"}],"replies":[{"embeddable":true,"href":"https:\/\/minor-labora.de\/tr\/wp-json\/wp\/v2\/comments?post=29"}],"version-history":[{"count":12,"href":"https:\/\/minor-labora.de\/tr\/wp-json\/wp\/v2\/pages\/29\/revisions"}],"predecessor-version":[{"id":230,"href":"https:\/\/minor-labora.de\/tr\/wp-json\/wp\/v2\/pages\/29\/revisions\/230"}],"wp:attachment":[{"href":"https:\/\/minor-labora.de\/tr\/wp-json\/wp\/v2\/media?parent=29"}],"curies":[{"name":"wp","href":"https:\/\/api.w.org\/{rel}","templated":true}]}}