


{"id":45,"date":"2023-10-17T12:29:50","date_gmt":"2023-10-17T10:29:50","guid":{"rendered":"https:\/\/minor-labora.de\/?page_id=45"},"modified":"2025-12-22T18:06:23","modified_gmt":"2025-12-22T17:06:23","slug":"impressum","status":"publish","type":"page","link":"https:\/\/minor-labora.de\/tr\/impressum\/","title":{"rendered":"Yasal uyar\u0131"},"content":{"rendered":"<div class=\"wpb-content-wrapper\"><div class=\"vc-row-container container\"><div class=\"vc_row wpb_row vc_row-fluid\"><div class=\"wpb_column vc_column_container vc_col-sm-12\"><div class=\"vc_column-inner\"><div class=\"wpb_wrapper\">\n\t<div class=\"wpb_text_column wpb_content_element\" >\n\t\t<div class=\"wpb_wrapper\">\n\t\t\t<p>K\u00fc\u00e7\u00fck  \u2047  Labora gemeinn\u00fctzige GmbH<br \/>Alt-Reinickendorf'ta 25<br \/>13407 Berlin<\/p>\n<p><strong>Yasal form:<\/strong><\/p>\n<p>K\u00e2r amac\u0131 g\u00fctmeyen limited \u015firket<\/p>\n<p><strong>Temsil eden:<\/strong><\/p>\n<p>Genel M\u00fcd\u00fcr Dr. Christian Pfeffer-Hoffmann<\/p>\n<p><strong>\u0130leti\u015fim bilgileri:<\/strong><\/p>\n<p>Telefon numaras\u0131 ve telefon numaras\u0131: +49 30  \u2047  45 79 89 500<br \/>Faks i\u00e7in: +49 30  \u2047  45 79 89 529 numaral\u0131 telefondan<br \/>E-posta adresiniz:\u00a0<a href=\"mailto:minor@minor-labora.de\">minor@minor-labora.de<\/a><\/p>\n<p><strong>Kay\u0131t giri\u015fi:<\/strong><\/p>\n<p>Ticaret siciline kay\u0131t<br \/>Tescil mahkemesi: Charlottenburg B\u00f6lge Mahkemesi<br \/>Kay\u0131t numaras\u0131: HRB 243419 B<\/p>\n<p><!-- \/wp:post-content --><\/p>\n<p><!-- wp:paragraph --><strong>\u00a7 18 para. 2 MStV'ye g\u00f6re sorumlu:<\/strong><\/p>\n<p><!-- \/wp:paragraph --><\/p>\n<p><!-- wp:paragraph -->Dr. Christian Pfeffer-Hoffmann<br \/>Alt-Reinickendorf'ta 25<br \/>13407 Berlin<\/p>\n<p><!-- \/wp:paragraph --><\/p>\n<p><!-- wp:paragraph --><strong>\u00a736 VSBG'ye g\u00f6re t\u00fcketici tahkimi\/bilgisi<\/strong><\/p>\n<p><!-- \/wp:paragraph --><\/p>\n<p><!-- wp:paragraph -->K\u00fc\u00e7\u00fck  \u2047  Projektkontor f\u00fcr Bildung und Forschung gemeinn\u00fctzige GmbH, VSGB anlam\u0131nda bir uyu\u015fmazl\u0131k \u00e7\u00f6z\u00fcm prosed\u00fcr\u00fcne kat\u0131lmaz.<\/p>\n<p><!-- \/wp:paragraph --><\/p>\n<p><!-- wp:paragraph --><strong>Ba\u011flant\u0131lar i\u00e7in sorumluluk:<\/strong><\/p>\n<p><!-- \/wp:paragraph --><\/p>\n<p><!-- wp:paragraph -->Teklifimiz, i\u00e7eri\u011fi \u00fczerinde hi\u00e7bir etkimiz olmayan \u00fc\u00e7\u00fcnc\u00fc taraflar\u0131n harici web sitelerine ba\u011flant\u0131lar i\u00e7erir. Bu nedenle, bu harici i\u00e7erik i\u00e7in herhangi bir sorumluluk kabul edemeyiz. Ba\u011flant\u0131l\u0131 sayfalar\u0131n i\u00e7eri\u011finden her zaman sayfalar\u0131n ilgili sa\u011flay\u0131c\u0131s\u0131 veya operat\u00f6r\u00fc sorumludur. Ba\u011flant\u0131 verilen sayfalar, ba\u011flant\u0131 s\u0131ras\u0131nda olas\u0131 yasal ihlaller a\u00e7\u0131s\u0131ndan kontrol edildi. Yasad\u0131\u015f\u0131 i\u00e7erik, ba\u011flant\u0131 s\u0131ras\u0131nda tan\u0131nam\u0131yordu. Bununla birlikte, ba\u011flant\u0131l\u0131 sayfalar\u0131n kal\u0131c\u0131 bir i\u00e7erik kontrol\u00fc, yasalar\u0131n ihlal edildi\u011fine dair somut g\u00f6stergeler olmadan makul de\u011fildir. Yasal ihlallerin fark\u0131na vard\u0131ktan sonra, bu t\u00fcr ba\u011flant\u0131lar\u0131 derhal kald\u0131raca\u011f\u0131z.<\/p>\n<p><!-- \/wp:paragraph --><\/p>\n<p><!-- wp:paragraph --><strong>T\u00fcm haklar\u0131 sakl\u0131d\u0131r:<\/strong><\/p>\n<p><!-- \/wp:paragraph --><\/p>\n<p><!-- wp:paragraph -->Bu sayfalarda site operat\u00f6rleri taraf\u0131ndan olu\u015fturulan i\u00e7erik ve eserler Alman telif hakk\u0131 yasas\u0131na tabidir. Telif hakk\u0131 yasas\u0131n\u0131n s\u0131n\u0131rlar\u0131 d\u0131\u015f\u0131nda \u00e7o\u011faltma, i\u015fleme, da\u011f\u0131t\u0131m ve her t\u00fcrl\u00fc istismar, ilgili yazar\u0131n veya yarat\u0131c\u0131n\u0131n yaz\u0131l\u0131 onay\u0131n\u0131 gerektirir. Bu sitenin indirilmesine ve kopyalanmas\u0131na yaln\u0131zca \u00f6zel, ticari olmayan kullan\u0131m i\u00e7in izin verilir. Bu sayfadaki i\u00e7erik operat\u00f6r taraf\u0131ndan olu\u015fturulmad\u0131\u011f\u0131 s\u00fcrece, \u00fc\u00e7\u00fcnc\u00fc taraflar\u0131n telif haklar\u0131 g\u00f6zetilir. \u00d6zellikle, \u00fc\u00e7\u00fcnc\u00fc taraf i\u00e7eri\u011fi bu \u015fekilde i\u015faretlenmi\u015ftir. Yine de bir telif hakk\u0131 ihlalinin fark\u0131na var\u0131rsan\u0131z, ilgili bir bildirim isteriz. Yasal ihlallerin fark\u0131na vard\u0131ktan sonra, bu t\u00fcr i\u00e7eri\u011fi derhal kald\u0131raca\u011f\u0131z.<\/p>\n<p><!-- \/wp:paragraph -->\u00a0<\/p>\n\n\t\t<\/div>\n\t<\/div>\n<\/div><\/div><\/div><\/div><\/div><\/div>","protected":false},"excerpt":{"rendered":"K\u00fc\u00e7\u00fck  \u2047  Labora gemeinn\u00fctzige GmbHAlt-Reinickendorf 2513407 Berlin Yasal form: Taraf\u0131ndan temsil edilen kar amac\u0131 g\u00fctmeyen limited \u015firket: Genel M\u00fcd\u00fcr Dr. Christian Pfeffer-Hoffmann \u0130leti\u015fim: Telefon numaras\u0131 ve telefon numaras\u0131: +49 30  \u2047  45 79 89 500Faks: +49 30  \u2047  45 79 89 529E-posta:\u00a0minor@minor-labora.de Kay\u0131t giri\u015fi: Ticaret Siciline Kay\u0131tKay\u0131t Mahkemesi: B\u00f6lge Mahkemesi CharlottenburgKay\u0131t numaras\u0131: HRB 243419 B \u00a7 18 para. 2 MStV'ye g\u00f6re sorumlu: Dr. Christian Pfeffer-HoffmannAlt-Reinickendorf 2513407... (\u0130ngilizce)","protected":false},"author":2,"featured_media":0,"parent":0,"menu_order":0,"comment_status":"closed","ping_status":"closed","template":"","meta":{"_acf_changed":false,"footnotes":""},"class_list":["post-45","page","type-page","status-publish","hentry"],"acf":[],"_links":{"self":[{"href":"https:\/\/minor-labora.de\/tr\/wp-json\/wp\/v2\/pages\/45","targetHints":{"allow":["GET"]}}],"collection":[{"href":"https:\/\/minor-labora.de\/tr\/wp-json\/wp\/v2\/pages"}],"about":[{"href":"https:\/\/minor-labora.de\/tr\/wp-json\/wp\/v2\/types\/page"}],"author":[{"embeddable":true,"href":"https:\/\/minor-labora.de\/tr\/wp-json\/wp\/v2\/users\/2"}],"replies":[{"embeddable":true,"href":"https:\/\/minor-labora.de\/tr\/wp-json\/wp\/v2\/comments?post=45"}],"version-history":[{"count":4,"href":"https:\/\/minor-labora.de\/tr\/wp-json\/wp\/v2\/pages\/45\/revisions"}],"predecessor-version":[{"id":780,"href":"https:\/\/minor-labora.de\/tr\/wp-json\/wp\/v2\/pages\/45\/revisions\/780"}],"wp:attachment":[{"href":"https:\/\/minor-labora.de\/tr\/wp-json\/wp\/v2\/media?parent=45"}],"curies":[{"name":"wp","href":"https:\/\/api.w.org\/{rel}","templated":true}]}}